{"id":4775,"date":"2019-12-05T15:11:27","date_gmt":"2019-12-05T14:11:27","guid":{"rendered":"http:\/\/innoacoffee.com\/?post_type=product&#038;p=4775"},"modified":"2023-10-27T07:51:29","modified_gmt":"2023-10-27T05:51:29","slug":"jura-kopjeswarmer","status":"publish","type":"product","link":"https:\/\/innoacoffee.com\/en\/webshop\/jura-kopjeswarmer\/","title":{"rendered":"Jura kopjeswarmer"},"content":{"rendered":"<div class=\"product-description-full\">\n<h2>55 \u00b0C &#8211; de perfecte temperatuur<\/h2>\n<p>Een warm kopje koffie is puur genot. Daarom werkt iedere professional uit overtuiging met goed voorverwarmde kopjes. Immers, als hete koffie in een koud porseleinen kopje stroomt, gaat veel warmte verloren. Te veel warmte. In voorverwarmde kopjes kan het heerlijke smaakboeket zich echter volledig ontplooien. Met de elegante en slank vormgegeven kopjeswarmer biedt JURA de ideale aanvulling op iedere volautomaat aan. Twee verwarmingselementen houden de kopjes permanent op een temperatuur van 55 \u00b0C &#8211; ideaal voor de bereiding van een temperamentvolle espresso of een met melkschuim bekroonde cappuccino. De kopjeswarmer is daarom een absolute must voor iedere koffieconnaisseur.<\/p>\n<p><strong>Optimale opbergruimte.<\/strong> Het slank vormgegeven apparaat beschikt over twee lades met een modern dempingssysteem voor eenvoudig en geruisloos sluiten. De capaciteit is bij uitstek geschikt voor huishoudelijk gebruik en biedt plaats aan kopjes met een maximale diameter van 90 mm en een hoogte van 110 mm. Per etage kunnen naar keuze 5 espresso- (\u00d8 57 mm), 4 koffie- (\u00d8 66 mm) of 6 cappuccinokopjes (\u00d8 90 mm) worden bewaard. In het gesloten systeem gaat geen waardevolle verwarmingsenergie verloren en kunnen de kopjes niet stoffig worden.<\/p>\n<p><strong>Warme kopjes, just in time.<\/strong> Met de programmeerbare in- en uitschakeltijd bewijst de moderne kopjeswarmer diens eco-intelligentie. Op eenvoudige wijze kan deze aan uw wensen worden aangepast, en verwarmt de kopjes voor op het tijdstip waarop u uw kopje koffie &#8216;s ochtends wenst te genieten. Zo eenvoudig kan energiebewust handelen zijn.<\/p>\n<\/div>\n<div class=\"product-sheet\">\n<table>\n<thead>\n<tr>\n<th>Kenmerken<\/th>\n<th><\/th>\n<\/tr>\n<\/thead>\n<tbody>\n<tr>\n<td>Spanning (V)<\/td>\n<td>120-240<\/td>\n<\/tr>\n<tr>\n<td>Vermogen (W)<\/td>\n<td>60<\/td>\n<\/tr>\n<tr>\n<td>Kabellengte (m)<\/td>\n<td>1,1<\/td>\n<\/tr>\n<tr>\n<td>Gewicht (kg)<\/td>\n<td>3,8<\/td>\n<\/tr>\n<tr>\n<td>Frequentie (hz)<\/td>\n<td>50-60<\/td>\n<\/tr>\n<tr>\n<td>Afmetingen (bxhxd)<\/td>\n<td>12,2 x 30,6 x 34,9 cm<\/td>\n<\/tr>\n<\/tbody>\n<\/table>\n<\/div>\n","protected":false},"excerpt":{"rendered":"<p>55 \u00b0C &#8211; de perfecte temperatuur Een warm kopje koffie is puur genot. Daarom werkt iedere professional uit overtuiging met goed voorverwarmde [&hellip;]<\/p>\n","protected":false},"featured_media":4777,"comment_status":"open","ping_status":"closed","template":"","meta":{"_acf_changed":false,"_exactmetrics_skip_tracking":false,"_exactmetrics_sitenote_active":false,"_exactmetrics_sitenote_note":"","_exactmetrics_sitenote_category":0},"product_brand":[],"product_cat":[353,19],"product_tag":[],"class_list":{"0":"post-4775","1":"product","2":"type-product","3":"status-publish","4":"has-post-thumbnail","6":"product_cat-jura-accessoires","7":"product_cat-accessoires-toebehoren","9":"first","10":"instock","11":"taxable","12":"shipping-taxable","13":"purchasable","14":"product-type-simple"},"translation":{"provider":"WPGlobus","version":"3.0.1","language":"en","enabled_languages":["nl","en","fr"],"languages":{"nl":{"title":true,"content":true,"excerpt":false},"en":{"title":false,"content":false,"excerpt":false},"fr":{"title":false,"content":false,"excerpt":false}}},"acf":[],"yoast_head":"<!-- This site is optimized with the Yoast SEO plugin v26.7 - https:\/\/yoast.com\/wordpress\/plugins\/seo\/ -->\n<title>Jura kopjeswarmer | Innoa Coffee<\/title>\n<meta name=\"robots\" content=\"index, follow, max-snippet:-1, max-image-preview:large, max-video-preview:-1\" \/>\n<link rel=\"canonical\" href=\"https:\/\/innoacoffee.com\/webshop\/jura-kopjeswarmer\/\" \/>\n<meta property=\"og:locale\" content=\"en_US\" \/>\n<meta property=\"og:type\" content=\"article\" \/>\n<meta property=\"og:title\" content=\"Jura kopjeswarmer | Innoa Coffee\" \/>\n<meta property=\"og:url\" content=\"https:\/\/innoacoffee.com\/webshop\/jura-kopjeswarmer\/\" \/>\n<meta property=\"og:site_name\" content=\"Innoa Coffee\" \/>\n<meta property=\"article:publisher\" content=\"https:\/\/www.facebook.com\/INNOA-coffee-1742293119390930\" \/>\n<meta property=\"article:modified_time\" content=\"2023-10-27T05:51:29+00:00\" \/>\n<meta property=\"og:image\" content=\"https:\/\/innoacoffee.com\/wp-content\/uploads\/detail-1-17.jpg\" \/>\n\t<meta property=\"og:image:width\" content=\"600\" \/>\n\t<meta property=\"og:image:height\" content=\"506\" \/>\n\t<meta property=\"og:image:type\" content=\"image\/jpeg\" \/>\n<meta name=\"twitter:card\" content=\"summary_large_image\" \/>\n<meta name=\"twitter:site\" content=\"@innoacoffee\" \/>\n<meta name=\"twitter:label1\" content=\"Est. reading time\" \/>\n\t<meta name=\"twitter:data1\" content=\"1 minute\" \/>\n<script type=\"application\/ld+json\" class=\"yoast-schema-graph\">{\"@context\":\"https:\/\/schema.org\",\"@graph\":[{\"@type\":\"WebPage\",\"@id\":\"https:\/\/innoacoffee.com\/webshop\/jura-kopjeswarmer\/\",\"url\":\"https:\/\/innoacoffee.com\/webshop\/jura-kopjeswarmer\/\",\"name\":\"Jura kopjeswarmer | Innoa Coffee\",\"isPartOf\":{\"@id\":\"https:\/\/innoacoffee.com\/#website\"},\"primaryImageOfPage\":{\"@id\":\"https:\/\/innoacoffee.com\/webshop\/jura-kopjeswarmer\/#primaryimage\"},\"image\":{\"@id\":\"https:\/\/innoacoffee.com\/webshop\/jura-kopjeswarmer\/#primaryimage\"},\"thumbnailUrl\":\"https:\/\/innoacoffee.com\/wp-content\/uploads\/detail-1-17.jpg\",\"datePublished\":\"2019-12-05T14:11:27+00:00\",\"dateModified\":\"2023-10-27T05:51:29+00:00\",\"breadcrumb\":{\"@id\":\"https:\/\/innoacoffee.com\/webshop\/jura-kopjeswarmer\/#breadcrumb\"},\"inLanguage\":\"en-US\",\"potentialAction\":[{\"@type\":\"ReadAction\",\"target\":[\"https:\/\/innoacoffee.com\/webshop\/jura-kopjeswarmer\/\"]}]},{\"@type\":\"ImageObject\",\"inLanguage\":\"en-US\",\"@id\":\"https:\/\/innoacoffee.com\/webshop\/jura-kopjeswarmer\/#primaryimage\",\"url\":\"https:\/\/innoacoffee.com\/wp-content\/uploads\/detail-1-17.jpg\",\"contentUrl\":\"https:\/\/innoacoffee.com\/wp-content\/uploads\/detail-1-17.jpg\",\"width\":600,\"height\":506},{\"@type\":\"BreadcrumbList\",\"@id\":\"https:\/\/innoacoffee.com\/webshop\/jura-kopjeswarmer\/#breadcrumb\",\"itemListElement\":[{\"@type\":\"ListItem\",\"position\":1,\"name\":\"Home\",\"item\":\"https:\/\/innoacoffee.com\/\"},{\"@type\":\"ListItem\",\"position\":2,\"name\":\"Jura kopjeswarmer\"}]},{\"@type\":\"WebSite\",\"@id\":\"https:\/\/innoacoffee.com\/#website\",\"url\":\"https:\/\/innoacoffee.com\/\",\"name\":\"Innoa Coffee\",\"description\":\"Welcome into the world of Innoa Coffee!\",\"publisher\":{\"@id\":\"https:\/\/innoacoffee.com\/#organization\"},\"potentialAction\":[{\"@type\":\"SearchAction\",\"target\":{\"@type\":\"EntryPoint\",\"urlTemplate\":\"https:\/\/innoacoffee.com\/?s={search_term_string}\"},\"query-input\":{\"@type\":\"PropertyValueSpecification\",\"valueRequired\":true,\"valueName\":\"search_term_string\"}}],\"inLanguage\":\"en-US\"},{\"@type\":\"Organization\",\"@id\":\"https:\/\/innoacoffee.com\/#organization\",\"name\":\"Innoa Coffee\",\"url\":\"https:\/\/innoacoffee.com\/\",\"logo\":{\"@type\":\"ImageObject\",\"inLanguage\":\"en-US\",\"@id\":\"https:\/\/innoacoffee.com\/#\/schema\/logo\/image\/\",\"url\":\"https:\/\/innoacoffee.com\/wp-content\/uploads\/2016\/05\/logo.png\",\"contentUrl\":\"https:\/\/innoacoffee.com\/wp-content\/uploads\/2016\/05\/logo.png\",\"width\":279,\"height\":77,\"caption\":\"Innoa Coffee\"},\"image\":{\"@id\":\"https:\/\/innoacoffee.com\/#\/schema\/logo\/image\/\"},\"sameAs\":[\"https:\/\/www.facebook.com\/INNOA-coffee-1742293119390930\",\"https:\/\/x.com\/innoacoffee\",\"https:\/\/www.instagram.com\/innoacoffee\/\"]}]}<\/script>\n<!-- \/ Yoast SEO plugin. -->","yoast_head_json":{"title":"Jura kopjeswarmer | Innoa Coffee","robots":{"index":"index","follow":"follow","max-snippet":"max-snippet:-1","max-image-preview":"max-image-preview:large","max-video-preview":"max-video-preview:-1"},"canonical":"https:\/\/innoacoffee.com\/webshop\/jura-kopjeswarmer\/","og_locale":"en_US","og_type":"article","og_title":"Jura kopjeswarmer | Innoa Coffee","og_url":"https:\/\/innoacoffee.com\/webshop\/jura-kopjeswarmer\/","og_site_name":"Innoa Coffee","article_publisher":"https:\/\/www.facebook.com\/INNOA-coffee-1742293119390930","article_modified_time":"2023-10-27T05:51:29+00:00","og_image":[{"width":600,"height":506,"url":"https:\/\/innoacoffee.com\/wp-content\/uploads\/detail-1-17.jpg","type":"image\/jpeg"}],"twitter_card":"summary_large_image","twitter_site":"@innoacoffee","twitter_misc":{"Est. reading time":"1 minute"},"schema":{"@context":"https:\/\/schema.org","@graph":[{"@type":"WebPage","@id":"https:\/\/innoacoffee.com\/webshop\/jura-kopjeswarmer\/","url":"https:\/\/innoacoffee.com\/webshop\/jura-kopjeswarmer\/","name":"Jura kopjeswarmer | Innoa Coffee","isPartOf":{"@id":"https:\/\/innoacoffee.com\/#website"},"primaryImageOfPage":{"@id":"https:\/\/innoacoffee.com\/webshop\/jura-kopjeswarmer\/#primaryimage"},"image":{"@id":"https:\/\/innoacoffee.com\/webshop\/jura-kopjeswarmer\/#primaryimage"},"thumbnailUrl":"https:\/\/innoacoffee.com\/wp-content\/uploads\/detail-1-17.jpg","datePublished":"2019-12-05T14:11:27+00:00","dateModified":"2023-10-27T05:51:29+00:00","breadcrumb":{"@id":"https:\/\/innoacoffee.com\/webshop\/jura-kopjeswarmer\/#breadcrumb"},"inLanguage":"en-US","potentialAction":[{"@type":"ReadAction","target":["https:\/\/innoacoffee.com\/webshop\/jura-kopjeswarmer\/"]}]},{"@type":"ImageObject","inLanguage":"en-US","@id":"https:\/\/innoacoffee.com\/webshop\/jura-kopjeswarmer\/#primaryimage","url":"https:\/\/innoacoffee.com\/wp-content\/uploads\/detail-1-17.jpg","contentUrl":"https:\/\/innoacoffee.com\/wp-content\/uploads\/detail-1-17.jpg","width":600,"height":506},{"@type":"BreadcrumbList","@id":"https:\/\/innoacoffee.com\/webshop\/jura-kopjeswarmer\/#breadcrumb","itemListElement":[{"@type":"ListItem","position":1,"name":"Home","item":"https:\/\/innoacoffee.com\/"},{"@type":"ListItem","position":2,"name":"Jura kopjeswarmer"}]},{"@type":"WebSite","@id":"https:\/\/innoacoffee.com\/#website","url":"https:\/\/innoacoffee.com\/","name":"Innoa Coffee","description":"Welcome into the world of Innoa Coffee!","publisher":{"@id":"https:\/\/innoacoffee.com\/#organization"},"potentialAction":[{"@type":"SearchAction","target":{"@type":"EntryPoint","urlTemplate":"https:\/\/innoacoffee.com\/?s={search_term_string}"},"query-input":{"@type":"PropertyValueSpecification","valueRequired":true,"valueName":"search_term_string"}}],"inLanguage":"en-US"},{"@type":"Organization","@id":"https:\/\/innoacoffee.com\/#organization","name":"Innoa Coffee","url":"https:\/\/innoacoffee.com\/","logo":{"@type":"ImageObject","inLanguage":"en-US","@id":"https:\/\/innoacoffee.com\/#\/schema\/logo\/image\/","url":"https:\/\/innoacoffee.com\/wp-content\/uploads\/2016\/05\/logo.png","contentUrl":"https:\/\/innoacoffee.com\/wp-content\/uploads\/2016\/05\/logo.png","width":279,"height":77,"caption":"Innoa Coffee"},"image":{"@id":"https:\/\/innoacoffee.com\/#\/schema\/logo\/image\/"},"sameAs":["https:\/\/www.facebook.com\/INNOA-coffee-1742293119390930","https:\/\/x.com\/innoacoffee","https:\/\/www.instagram.com\/innoacoffee\/"]}]}},"_links":{"self":[{"href":"https:\/\/innoacoffee.com\/en\/wp-json\/wp\/v2\/product\/4775","targetHints":{"allow":["GET"]}}],"collection":[{"href":"https:\/\/innoacoffee.com\/en\/wp-json\/wp\/v2\/product"}],"about":[{"href":"https:\/\/innoacoffee.com\/en\/wp-json\/wp\/v2\/types\/product"}],"replies":[{"embeddable":true,"href":"https:\/\/innoacoffee.com\/en\/wp-json\/wp\/v2\/comments?post=4775"}],"wp:featuredmedia":[{"embeddable":true,"href":"https:\/\/innoacoffee.com\/en\/wp-json\/wp\/v2\/media\/4777"}],"wp:attachment":[{"href":"https:\/\/innoacoffee.com\/en\/wp-json\/wp\/v2\/media?parent=4775"}],"wp:term":[{"taxonomy":"product_brand","embeddable":true,"href":"https:\/\/innoacoffee.com\/en\/wp-json\/wp\/v2\/product_brand?post=4775"},{"taxonomy":"product_cat","embeddable":true,"href":"https:\/\/innoacoffee.com\/en\/wp-json\/wp\/v2\/product_cat?post=4775"},{"taxonomy":"product_tag","embeddable":true,"href":"https:\/\/innoacoffee.com\/en\/wp-json\/wp\/v2\/product_tag?post=4775"}],"curies":[{"name":"wp","href":"https:\/\/api.w.org\/{rel}","templated":true}]}}