{"id":4557,"date":"2019-12-04T17:17:53","date_gmt":"2019-12-04T16:17:53","guid":{"rendered":"http:\/\/innoacoffee.com\/?post_type=product&#038;p=4557"},"modified":"2026-01-13T10:00:10","modified_gmt":"2026-01-13T09:00:10","slug":"ena-8-signature-line","status":"publish","type":"product","link":"https:\/\/innoacoffee.com\/fr\/webshop\/ena-8-signature-line\/","title":{"rendered":"Jura ENA 8 Touch Full Metropolitan Black EC"},"content":{"rendered":"<div class=\"product-description-full\">\n<p>Jura ENA 8 Signature Line heeft \u00a0een allround design met touchbediening <b>=== <\/b>De nieuwe, compacte, stijlvolle eenkopsvolautomaat presenteert zich met zeer eenvoudige touchscreen-bediening en kunstmatige intelligentie: de wensen van de koffieliefhebbers worden door het display letterlijk van de vingertoppen afgelezen. Bovendien worden met een algoritme de persoonlijke voorkeuren herkend en wordt het startscherm automatisch daaraan aangepast.<\/p>\n<p>De eerste volautomaat-behuizing ter wereld van massief, 3 millimeter dik aluminium vormt het omhulsel van de ENA 8 Signature Line. Het aantrekkelijke ervan is gelegen in de absolute precisie en een hoogwaardige oppervlakte\u00adkwaliteit. Details, zoals de ronding van de zijwanden in een radius van 4000 of accuraat gebroken randen, zijn bepalend voor het uiterlijk van dit meesterstuk van traditionele ambachtelijkheid in combinatie met geperfectioneerde, moderne productietechnologie.<\/p>\n<div class=\"product-description-full\">\n<p><strong>Compact<\/strong> Slechts 27,1 cm breed, 32,3 cm hoog en 44,5 cm diep &#8211; daarmee past de eenkops volautomaat overal gemakkelijk tussen.<\/p>\n<p><strong>Stijlvol<\/strong> Allround design van massief, 3 mm dik aluminium en rond waterreservoir in diamantlook.<\/p>\n<p><strong>Intu\u00eftief<\/strong> TFT-touchscreen kleuren\u00addisplay met kunstmatige intelligentie.<\/p>\n<p><strong>Virtuoos<\/strong> 12 specialiteiten met \u00e9\u00e9n druk op de knop &#8211; inclusief cortado en caff\u00e8 Barista.<\/p>\n<\/div>\n<div class=\"product-sheet\">\n<table>\n<thead>\n<tr>\n<th>Kenmerken<\/th>\n<th><\/th>\n<\/tr>\n<\/thead>\n<tbody>\n<tr>\n<td>Aantal programmeerbare specialiteiten<\/td>\n<td>10<\/td>\n<\/tr>\n<tr>\n<td>Display<\/td>\n<td>TFT<\/td>\n<\/tr>\n<tr>\n<td>Thermoblok verwarmingssysteem<\/td>\n<td>1<\/td>\n<\/tr>\n<tr>\n<td>Uitloop<\/td>\n<td>Combi-uitloop en uitloop voor heet water<\/td>\n<\/tr>\n<tr>\n<td>Cappuccinatore<\/td>\n<td>Melkschuim<\/td>\n<\/tr>\n<tr>\n<td>Molen<\/td>\n<td>Aroma+ molen<\/td>\n<\/tr>\n<tr>\n<td>Programmeerbare koffiesterkte<\/td>\n<td>10<\/td>\n<\/tr>\n<tr>\n<td>Waterreservoir (liter)<\/td>\n<td>1,1<\/td>\n<\/tr>\n<tr>\n<td>Bonenreservoir (g)<\/td>\n<td>125<\/td>\n<\/tr>\n<tr>\n<td>Koffieresidubak (porties)<\/td>\n<td>10<\/td>\n<\/tr>\n<\/tbody>\n<\/table>\n<\/div>\n<\/div>\n","protected":false},"excerpt":{"rendered":"<p>Jura ENA 8 Signature Line heeft \u00a0een allround design met touchbediening === De nieuwe, compacte, stijlvolle eenkopsvolautomaat presenteert zich met zeer eenvoudige [&hellip;]<\/p>\n","protected":false},"featured_media":4561,"comment_status":"open","ping_status":"closed","template":"","meta":{"_acf_changed":false,"_exactmetrics_skip_tracking":false,"_exactmetrics_sitenote_active":false,"_exactmetrics_sitenote_note":"","_exactmetrics_sitenote_category":0},"product_brand":[],"product_cat":[337,347],"product_tag":[],"class_list":{"0":"post-4557","1":"product","2":"type-product","3":"status-publish","4":"has-post-thumbnail","6":"product_cat-jura-koffiemachines","7":"product_cat-jura-huishoudelijk","9":"first","10":"instock","11":"taxable","12":"shipping-taxable","13":"purchasable","14":"product-type-simple"},"translation":{"provider":"WPGlobus","version":"3.0.1","language":"fr","enabled_languages":["nl","en","fr"],"languages":{"nl":{"title":true,"content":true,"excerpt":false},"en":{"title":false,"content":false,"excerpt":false},"fr":{"title":false,"content":false,"excerpt":false}}},"acf":[],"yoast_head":"<!-- This site is optimized with the Yoast SEO plugin v26.7 - https:\/\/yoast.com\/wordpress\/plugins\/seo\/ -->\n<title>Jura ENA 8 Touch Full Metropolitan Black EC | Innoa Coffee<\/title>\n<meta name=\"robots\" content=\"index, follow, max-snippet:-1, max-image-preview:large, max-video-preview:-1\" \/>\n<link rel=\"canonical\" href=\"https:\/\/innoacoffee.com\/webshop\/ena-8-signature-line\/\" \/>\n<meta property=\"og:locale\" content=\"fr_FR\" \/>\n<meta property=\"og:type\" content=\"article\" \/>\n<meta property=\"og:title\" content=\"Jura ENA 8 Touch Full Metropolitan Black EC | Innoa Coffee\" \/>\n<meta property=\"og:url\" content=\"https:\/\/innoacoffee.com\/webshop\/ena-8-signature-line\/\" \/>\n<meta property=\"og:site_name\" content=\"Innoa Coffee\" \/>\n<meta property=\"article:publisher\" content=\"https:\/\/www.facebook.com\/INNOA-coffee-1742293119390930\" \/>\n<meta property=\"article:modified_time\" content=\"2026-01-13T09:00:10+00:00\" \/>\n<meta property=\"og:image\" content=\"http:\/\/innoacoffee.com\/wp-content\/uploads\/big_ena8_touch_fmb.jpg\" \/>\n\t<meta property=\"og:image:width\" content=\"404\" \/>\n\t<meta property=\"og:image:height\" content=\"444\" \/>\n\t<meta property=\"og:image:type\" content=\"image\/jpeg\" \/>\n<meta name=\"twitter:card\" content=\"summary_large_image\" \/>\n<meta name=\"twitter:site\" content=\"@innoacoffee\" \/>\n<meta name=\"twitter:label1\" content=\"Est. reading time\" \/>\n\t<meta name=\"twitter:data1\" content=\"1 minute\" \/>\n<script type=\"application\/ld+json\" class=\"yoast-schema-graph\">{\"@context\":\"https:\/\/schema.org\",\"@graph\":[{\"@type\":\"WebPage\",\"@id\":\"https:\/\/innoacoffee.com\/webshop\/ena-8-signature-line\/\",\"url\":\"https:\/\/innoacoffee.com\/webshop\/ena-8-signature-line\/\",\"name\":\"Jura ENA 8 Touch Full Metropolitan Black EC | Innoa Coffee\",\"isPartOf\":{\"@id\":\"https:\/\/innoacoffee.com\/#website\"},\"primaryImageOfPage\":{\"@id\":\"https:\/\/innoacoffee.com\/webshop\/ena-8-signature-line\/#primaryimage\"},\"image\":{\"@id\":\"https:\/\/innoacoffee.com\/webshop\/ena-8-signature-line\/#primaryimage\"},\"thumbnailUrl\":\"https:\/\/innoacoffee.com\/wp-content\/uploads\/big_ena8_touch_fmb.jpg\",\"datePublished\":\"2019-12-04T16:17:53+00:00\",\"dateModified\":\"2026-01-13T09:00:10+00:00\",\"breadcrumb\":{\"@id\":\"https:\/\/innoacoffee.com\/webshop\/ena-8-signature-line\/#breadcrumb\"},\"inLanguage\":\"fr-FR\",\"potentialAction\":[{\"@type\":\"ReadAction\",\"target\":[\"https:\/\/innoacoffee.com\/webshop\/ena-8-signature-line\/\"]}]},{\"@type\":\"ImageObject\",\"inLanguage\":\"fr-FR\",\"@id\":\"https:\/\/innoacoffee.com\/webshop\/ena-8-signature-line\/#primaryimage\",\"url\":\"https:\/\/innoacoffee.com\/wp-content\/uploads\/big_ena8_touch_fmb.jpg\",\"contentUrl\":\"https:\/\/innoacoffee.com\/wp-content\/uploads\/big_ena8_touch_fmb.jpg\",\"width\":404,\"height\":444},{\"@type\":\"BreadcrumbList\",\"@id\":\"https:\/\/innoacoffee.com\/webshop\/ena-8-signature-line\/#breadcrumb\",\"itemListElement\":[{\"@type\":\"ListItem\",\"position\":1,\"name\":\"Home\",\"item\":\"https:\/\/innoacoffee.com\/\"},{\"@type\":\"ListItem\",\"position\":2,\"name\":\"Jura ENA 8 Touch Full Metropolitan Black EC\"}]},{\"@type\":\"WebSite\",\"@id\":\"https:\/\/innoacoffee.com\/#website\",\"url\":\"https:\/\/innoacoffee.com\/\",\"name\":\"Innoa Coffee\",\"description\":\"Welcome into the world of Innoa Coffee!\",\"publisher\":{\"@id\":\"https:\/\/innoacoffee.com\/#organization\"},\"potentialAction\":[{\"@type\":\"SearchAction\",\"target\":{\"@type\":\"EntryPoint\",\"urlTemplate\":\"https:\/\/innoacoffee.com\/?s={search_term_string}\"},\"query-input\":{\"@type\":\"PropertyValueSpecification\",\"valueRequired\":true,\"valueName\":\"search_term_string\"}}],\"inLanguage\":\"fr-FR\"},{\"@type\":\"Organization\",\"@id\":\"https:\/\/innoacoffee.com\/#organization\",\"name\":\"Innoa Coffee\",\"url\":\"https:\/\/innoacoffee.com\/\",\"logo\":{\"@type\":\"ImageObject\",\"inLanguage\":\"fr-FR\",\"@id\":\"https:\/\/innoacoffee.com\/#\/schema\/logo\/image\/\",\"url\":\"https:\/\/innoacoffee.com\/wp-content\/uploads\/2016\/05\/logo.png\",\"contentUrl\":\"https:\/\/innoacoffee.com\/wp-content\/uploads\/2016\/05\/logo.png\",\"width\":279,\"height\":77,\"caption\":\"Innoa Coffee\"},\"image\":{\"@id\":\"https:\/\/innoacoffee.com\/#\/schema\/logo\/image\/\"},\"sameAs\":[\"https:\/\/www.facebook.com\/INNOA-coffee-1742293119390930\",\"https:\/\/x.com\/innoacoffee\",\"https:\/\/www.instagram.com\/innoacoffee\/\"]}]}<\/script>\n<!-- \/ Yoast SEO plugin. -->","yoast_head_json":{"title":"Jura ENA 8 Touch Full Metropolitan Black EC | Innoa Coffee","robots":{"index":"index","follow":"follow","max-snippet":"max-snippet:-1","max-image-preview":"max-image-preview:large","max-video-preview":"max-video-preview:-1"},"canonical":"https:\/\/innoacoffee.com\/webshop\/ena-8-signature-line\/","og_locale":"fr_FR","og_type":"article","og_title":"Jura ENA 8 Touch Full Metropolitan Black EC | Innoa Coffee","og_url":"https:\/\/innoacoffee.com\/webshop\/ena-8-signature-line\/","og_site_name":"Innoa Coffee","article_publisher":"https:\/\/www.facebook.com\/INNOA-coffee-1742293119390930","article_modified_time":"2026-01-13T09:00:10+00:00","og_image":[{"width":404,"height":444,"url":"http:\/\/innoacoffee.com\/wp-content\/uploads\/big_ena8_touch_fmb.jpg","type":"image\/jpeg"}],"twitter_card":"summary_large_image","twitter_site":"@innoacoffee","twitter_misc":{"Est. reading time":"1 minute"},"schema":{"@context":"https:\/\/schema.org","@graph":[{"@type":"WebPage","@id":"https:\/\/innoacoffee.com\/webshop\/ena-8-signature-line\/","url":"https:\/\/innoacoffee.com\/webshop\/ena-8-signature-line\/","name":"Jura ENA 8 Touch Full Metropolitan Black EC | Innoa Coffee","isPartOf":{"@id":"https:\/\/innoacoffee.com\/#website"},"primaryImageOfPage":{"@id":"https:\/\/innoacoffee.com\/webshop\/ena-8-signature-line\/#primaryimage"},"image":{"@id":"https:\/\/innoacoffee.com\/webshop\/ena-8-signature-line\/#primaryimage"},"thumbnailUrl":"https:\/\/innoacoffee.com\/wp-content\/uploads\/big_ena8_touch_fmb.jpg","datePublished":"2019-12-04T16:17:53+00:00","dateModified":"2026-01-13T09:00:10+00:00","breadcrumb":{"@id":"https:\/\/innoacoffee.com\/webshop\/ena-8-signature-line\/#breadcrumb"},"inLanguage":"fr-FR","potentialAction":[{"@type":"ReadAction","target":["https:\/\/innoacoffee.com\/webshop\/ena-8-signature-line\/"]}]},{"@type":"ImageObject","inLanguage":"fr-FR","@id":"https:\/\/innoacoffee.com\/webshop\/ena-8-signature-line\/#primaryimage","url":"https:\/\/innoacoffee.com\/wp-content\/uploads\/big_ena8_touch_fmb.jpg","contentUrl":"https:\/\/innoacoffee.com\/wp-content\/uploads\/big_ena8_touch_fmb.jpg","width":404,"height":444},{"@type":"BreadcrumbList","@id":"https:\/\/innoacoffee.com\/webshop\/ena-8-signature-line\/#breadcrumb","itemListElement":[{"@type":"ListItem","position":1,"name":"Home","item":"https:\/\/innoacoffee.com\/"},{"@type":"ListItem","position":2,"name":"Jura ENA 8 Touch Full Metropolitan Black EC"}]},{"@type":"WebSite","@id":"https:\/\/innoacoffee.com\/#website","url":"https:\/\/innoacoffee.com\/","name":"Innoa Coffee","description":"Welcome into the world of Innoa Coffee!","publisher":{"@id":"https:\/\/innoacoffee.com\/#organization"},"potentialAction":[{"@type":"SearchAction","target":{"@type":"EntryPoint","urlTemplate":"https:\/\/innoacoffee.com\/?s={search_term_string}"},"query-input":{"@type":"PropertyValueSpecification","valueRequired":true,"valueName":"search_term_string"}}],"inLanguage":"fr-FR"},{"@type":"Organization","@id":"https:\/\/innoacoffee.com\/#organization","name":"Innoa Coffee","url":"https:\/\/innoacoffee.com\/","logo":{"@type":"ImageObject","inLanguage":"fr-FR","@id":"https:\/\/innoacoffee.com\/#\/schema\/logo\/image\/","url":"https:\/\/innoacoffee.com\/wp-content\/uploads\/2016\/05\/logo.png","contentUrl":"https:\/\/innoacoffee.com\/wp-content\/uploads\/2016\/05\/logo.png","width":279,"height":77,"caption":"Innoa Coffee"},"image":{"@id":"https:\/\/innoacoffee.com\/#\/schema\/logo\/image\/"},"sameAs":["https:\/\/www.facebook.com\/INNOA-coffee-1742293119390930","https:\/\/x.com\/innoacoffee","https:\/\/www.instagram.com\/innoacoffee\/"]}]}},"_links":{"self":[{"href":"https:\/\/innoacoffee.com\/fr\/wp-json\/wp\/v2\/product\/4557","targetHints":{"allow":["GET"]}}],"collection":[{"href":"https:\/\/innoacoffee.com\/fr\/wp-json\/wp\/v2\/product"}],"about":[{"href":"https:\/\/innoacoffee.com\/fr\/wp-json\/wp\/v2\/types\/product"}],"replies":[{"embeddable":true,"href":"https:\/\/innoacoffee.com\/fr\/wp-json\/wp\/v2\/comments?post=4557"}],"wp:featuredmedia":[{"embeddable":true,"href":"https:\/\/innoacoffee.com\/fr\/wp-json\/wp\/v2\/media\/4561"}],"wp:attachment":[{"href":"https:\/\/innoacoffee.com\/fr\/wp-json\/wp\/v2\/media?parent=4557"}],"wp:term":[{"taxonomy":"product_brand","embeddable":true,"href":"https:\/\/innoacoffee.com\/fr\/wp-json\/wp\/v2\/product_brand?post=4557"},{"taxonomy":"product_cat","embeddable":true,"href":"https:\/\/innoacoffee.com\/fr\/wp-json\/wp\/v2\/product_cat?post=4557"},{"taxonomy":"product_tag","embeddable":true,"href":"https:\/\/innoacoffee.com\/fr\/wp-json\/wp\/v2\/product_tag?post=4557"}],"curies":[{"name":"wp","href":"https:\/\/api.w.org\/{rel}","templated":true}]}}