{"id":4667,"date":"2019-12-05T14:21:01","date_gmt":"2019-12-05T13:21:01","guid":{"rendered":"http:\/\/innoacoffee.com\/?post_type=product&#038;p=4667"},"modified":"2023-02-01T18:22:14","modified_gmt":"2023-02-01T17:22:14","slug":"reiningstablet-25st","status":"publish","type":"product","link":"https:\/\/innoacoffee.com\/fr\/webshop\/reiningstablet-25st\/","title":{"rendered":"reinigingstablet 25st"},"content":{"rendered":"<h2>Effectieve reiniging, duurzame bescherming<\/h2>\n<p>Om de koffiekwaliteit permanent op het hoogste niveau te houden, zijn het onderhoud van de volautomaat en de hygi\u00ebne in de omgang met melk, koffie en water van cruciaal belang. Iedere volautomaat van JURA beschikt over een onderhoudsvrije zetgroep die zichzelf met \u00e9\u00e9n druk op de knop reinigt. Ons laboratoriumteam heeft de alom beproefde reinigingstablet verder ontwikkeld. Het resultaat van dit intensieve onderzoek is een aanzienlijke verhoging van de reinigende en beschermende werking. Dankzij de 2 in 1 reinigingstablet wordt het apparaat niet alleen gereinigd, maar tegelijkertijd verzegeld. Hierdoor biedt de reinigingstablet een duurzame bescherming tegen afzettingen van koffievet. Het reinigingsprogramma kan met \u00e9\u00e9n druk op de knop eenvoudig worden gestart.<\/p>\n<p><strong>Fase I, de reiniging:<\/strong> De speciale formule lost koffievet en koffiedeeltjes in de zetgroep en de bereidingszeef effectief op. Hierbij worden de componenten zowel van binnen als van buiten met heet water met een temperatuur van 80 \u00b0C grondig gespoeld.<\/p>\n<p><strong>Fase II, de bescherming:<\/strong> Bijzondere actieve bestanddelen verzegelen de oppervlakken van de desbetreffende componenten en beschermen deze duurzaam tegen afzettingen van koffieresten en koffievetten.<\/p>\n<p><strong>Het resultaat:<\/strong> Met \u00e9\u00e9n druk op de knop een hygi\u00ebnisch schone volautomaat voor perfecte koffiekwaliteit en ultiem genot.<\/p>\n<p>JURA hygi\u00ebne &#8211; gecertificeerd door T\u00dcV Rheinland De certificerende instelling T\u00dcV Rheinland heeft JURA in een onafhankelijk onderzoek het certificaat voor gecontroleerde hygi\u00ebne toegekend. In een onafhankelijk microbiologisch laboratorium onderzoek zijn analyses aan hygi\u00ebnisch relevante componenten uitgevoerd. Het resultaat: de JURA volautomaten zijn microbiologisch onberispelijke producten. Bij het onderzoek werden, afgezien van alle koffievoerende onderdelen zoals de zetgroep en de koffie-uitloop, eveneens het waterreservoir, het bonenreservoir, de molen, de poederschacht, de koffieresidubak en de restwaterbak, de cappuccinatore alsmede de slangen en de melkhouder getest. Gebruik voor de reiniging en de bescherming van uw JURA volautomaat uitsluitend originele reinigingstabletten. Alleen deze zijn optimaal afgestemd op de automatische reinigingscyclus.<\/p>\n","protected":false},"excerpt":{"rendered":"<p>Effectieve reiniging, duurzame bescherming Om de koffiekwaliteit permanent op het hoogste niveau te houden, zijn het onderhoud van de volautomaat en de [&hellip;]<\/p>\n","protected":false},"featured_media":4669,"comment_status":"open","ping_status":"closed","template":"","meta":{"_acf_changed":false,"_exactmetrics_skip_tracking":false,"_exactmetrics_sitenote_active":false,"_exactmetrics_sitenote_note":"","_exactmetrics_sitenote_category":0},"product_brand":[],"product_cat":[23],"product_tag":[],"class_list":{"0":"post-4667","1":"product","2":"type-product","3":"status-publish","4":"has-post-thumbnail","6":"product_cat-onderhoud","8":"first","9":"instock","10":"taxable","11":"shipping-taxable","12":"purchasable","13":"product-type-simple"},"translation":{"provider":"WPGlobus","version":"3.0.1","language":"fr","enabled_languages":["nl","en","fr"],"languages":{"nl":{"title":true,"content":true,"excerpt":false},"en":{"title":false,"content":false,"excerpt":false},"fr":{"title":false,"content":false,"excerpt":false}}},"acf":[],"yoast_head":"<!-- This site is optimized with the Yoast SEO plugin v26.7 - https:\/\/yoast.com\/wordpress\/plugins\/seo\/ -->\n<title>reinigingstablet 25st | Innoa Coffee<\/title>\n<meta name=\"robots\" content=\"index, follow, max-snippet:-1, max-image-preview:large, max-video-preview:-1\" \/>\n<link rel=\"canonical\" href=\"https:\/\/innoacoffee.com\/webshop\/reiningstablet-25st\/\" \/>\n<meta property=\"og:locale\" content=\"fr_FR\" \/>\n<meta property=\"og:type\" content=\"article\" \/>\n<meta property=\"og:title\" content=\"reinigingstablet 25st | Innoa Coffee\" \/>\n<meta property=\"og:url\" content=\"https:\/\/innoacoffee.com\/webshop\/reiningstablet-25st\/\" \/>\n<meta property=\"og:site_name\" content=\"Innoa Coffee\" \/>\n<meta property=\"article:publisher\" content=\"https:\/\/www.facebook.com\/INNOA-coffee-1742293119390930\" \/>\n<meta property=\"article:modified_time\" content=\"2023-02-01T17:22:14+00:00\" \/>\n<meta property=\"og:image\" content=\"https:\/\/innoacoffee.com\/wp-content\/uploads\/detail-15.jpg\" \/>\n\t<meta property=\"og:image:width\" content=\"447\" \/>\n\t<meta property=\"og:image:height\" content=\"600\" \/>\n\t<meta property=\"og:image:type\" content=\"image\/jpeg\" \/>\n<meta name=\"twitter:card\" content=\"summary_large_image\" \/>\n<meta name=\"twitter:site\" content=\"@innoacoffee\" \/>\n<meta name=\"twitter:label1\" content=\"Est. reading time\" \/>\n\t<meta name=\"twitter:data1\" content=\"2 minutes\" \/>\n<script type=\"application\/ld+json\" class=\"yoast-schema-graph\">{\"@context\":\"https:\/\/schema.org\",\"@graph\":[{\"@type\":\"WebPage\",\"@id\":\"https:\/\/innoacoffee.com\/webshop\/reiningstablet-25st\/\",\"url\":\"https:\/\/innoacoffee.com\/webshop\/reiningstablet-25st\/\",\"name\":\"reinigingstablet 25st | Innoa Coffee\",\"isPartOf\":{\"@id\":\"https:\/\/innoacoffee.com\/#website\"},\"primaryImageOfPage\":{\"@id\":\"https:\/\/innoacoffee.com\/webshop\/reiningstablet-25st\/#primaryimage\"},\"image\":{\"@id\":\"https:\/\/innoacoffee.com\/webshop\/reiningstablet-25st\/#primaryimage\"},\"thumbnailUrl\":\"https:\/\/innoacoffee.com\/wp-content\/uploads\/detail-15.jpg\",\"datePublished\":\"2019-12-05T13:21:01+00:00\",\"dateModified\":\"2023-02-01T17:22:14+00:00\",\"breadcrumb\":{\"@id\":\"https:\/\/innoacoffee.com\/webshop\/reiningstablet-25st\/#breadcrumb\"},\"inLanguage\":\"fr-FR\",\"potentialAction\":[{\"@type\":\"ReadAction\",\"target\":[\"https:\/\/innoacoffee.com\/webshop\/reiningstablet-25st\/\"]}]},{\"@type\":\"ImageObject\",\"inLanguage\":\"fr-FR\",\"@id\":\"https:\/\/innoacoffee.com\/webshop\/reiningstablet-25st\/#primaryimage\",\"url\":\"https:\/\/innoacoffee.com\/wp-content\/uploads\/detail-15.jpg\",\"contentUrl\":\"https:\/\/innoacoffee.com\/wp-content\/uploads\/detail-15.jpg\",\"width\":447,\"height\":600},{\"@type\":\"BreadcrumbList\",\"@id\":\"https:\/\/innoacoffee.com\/webshop\/reiningstablet-25st\/#breadcrumb\",\"itemListElement\":[{\"@type\":\"ListItem\",\"position\":1,\"name\":\"Home\",\"item\":\"https:\/\/innoacoffee.com\/\"},{\"@type\":\"ListItem\",\"position\":2,\"name\":\"reinigingstablet 25st\"}]},{\"@type\":\"WebSite\",\"@id\":\"https:\/\/innoacoffee.com\/#website\",\"url\":\"https:\/\/innoacoffee.com\/\",\"name\":\"Innoa Coffee\",\"description\":\"Welcome into the world of Innoa Coffee!\",\"publisher\":{\"@id\":\"https:\/\/innoacoffee.com\/#organization\"},\"potentialAction\":[{\"@type\":\"SearchAction\",\"target\":{\"@type\":\"EntryPoint\",\"urlTemplate\":\"https:\/\/innoacoffee.com\/?s={search_term_string}\"},\"query-input\":{\"@type\":\"PropertyValueSpecification\",\"valueRequired\":true,\"valueName\":\"search_term_string\"}}],\"inLanguage\":\"fr-FR\"},{\"@type\":\"Organization\",\"@id\":\"https:\/\/innoacoffee.com\/#organization\",\"name\":\"Innoa Coffee\",\"url\":\"https:\/\/innoacoffee.com\/\",\"logo\":{\"@type\":\"ImageObject\",\"inLanguage\":\"fr-FR\",\"@id\":\"https:\/\/innoacoffee.com\/#\/schema\/logo\/image\/\",\"url\":\"https:\/\/innoacoffee.com\/wp-content\/uploads\/2016\/05\/logo.png\",\"contentUrl\":\"https:\/\/innoacoffee.com\/wp-content\/uploads\/2016\/05\/logo.png\",\"width\":279,\"height\":77,\"caption\":\"Innoa Coffee\"},\"image\":{\"@id\":\"https:\/\/innoacoffee.com\/#\/schema\/logo\/image\/\"},\"sameAs\":[\"https:\/\/www.facebook.com\/INNOA-coffee-1742293119390930\",\"https:\/\/x.com\/innoacoffee\",\"https:\/\/www.instagram.com\/innoacoffee\/\"]}]}<\/script>\n<!-- \/ Yoast SEO plugin. -->","yoast_head_json":{"title":"reinigingstablet 25st | Innoa Coffee","robots":{"index":"index","follow":"follow","max-snippet":"max-snippet:-1","max-image-preview":"max-image-preview:large","max-video-preview":"max-video-preview:-1"},"canonical":"https:\/\/innoacoffee.com\/webshop\/reiningstablet-25st\/","og_locale":"fr_FR","og_type":"article","og_title":"reinigingstablet 25st | Innoa Coffee","og_url":"https:\/\/innoacoffee.com\/webshop\/reiningstablet-25st\/","og_site_name":"Innoa Coffee","article_publisher":"https:\/\/www.facebook.com\/INNOA-coffee-1742293119390930","article_modified_time":"2023-02-01T17:22:14+00:00","og_image":[{"width":447,"height":600,"url":"https:\/\/innoacoffee.com\/wp-content\/uploads\/detail-15.jpg","type":"image\/jpeg"}],"twitter_card":"summary_large_image","twitter_site":"@innoacoffee","twitter_misc":{"Est. reading time":"2 minutes"},"schema":{"@context":"https:\/\/schema.org","@graph":[{"@type":"WebPage","@id":"https:\/\/innoacoffee.com\/webshop\/reiningstablet-25st\/","url":"https:\/\/innoacoffee.com\/webshop\/reiningstablet-25st\/","name":"reinigingstablet 25st | Innoa Coffee","isPartOf":{"@id":"https:\/\/innoacoffee.com\/#website"},"primaryImageOfPage":{"@id":"https:\/\/innoacoffee.com\/webshop\/reiningstablet-25st\/#primaryimage"},"image":{"@id":"https:\/\/innoacoffee.com\/webshop\/reiningstablet-25st\/#primaryimage"},"thumbnailUrl":"https:\/\/innoacoffee.com\/wp-content\/uploads\/detail-15.jpg","datePublished":"2019-12-05T13:21:01+00:00","dateModified":"2023-02-01T17:22:14+00:00","breadcrumb":{"@id":"https:\/\/innoacoffee.com\/webshop\/reiningstablet-25st\/#breadcrumb"},"inLanguage":"fr-FR","potentialAction":[{"@type":"ReadAction","target":["https:\/\/innoacoffee.com\/webshop\/reiningstablet-25st\/"]}]},{"@type":"ImageObject","inLanguage":"fr-FR","@id":"https:\/\/innoacoffee.com\/webshop\/reiningstablet-25st\/#primaryimage","url":"https:\/\/innoacoffee.com\/wp-content\/uploads\/detail-15.jpg","contentUrl":"https:\/\/innoacoffee.com\/wp-content\/uploads\/detail-15.jpg","width":447,"height":600},{"@type":"BreadcrumbList","@id":"https:\/\/innoacoffee.com\/webshop\/reiningstablet-25st\/#breadcrumb","itemListElement":[{"@type":"ListItem","position":1,"name":"Home","item":"https:\/\/innoacoffee.com\/"},{"@type":"ListItem","position":2,"name":"reinigingstablet 25st"}]},{"@type":"WebSite","@id":"https:\/\/innoacoffee.com\/#website","url":"https:\/\/innoacoffee.com\/","name":"Innoa Coffee","description":"Welcome into the world of Innoa Coffee!","publisher":{"@id":"https:\/\/innoacoffee.com\/#organization"},"potentialAction":[{"@type":"SearchAction","target":{"@type":"EntryPoint","urlTemplate":"https:\/\/innoacoffee.com\/?s={search_term_string}"},"query-input":{"@type":"PropertyValueSpecification","valueRequired":true,"valueName":"search_term_string"}}],"inLanguage":"fr-FR"},{"@type":"Organization","@id":"https:\/\/innoacoffee.com\/#organization","name":"Innoa Coffee","url":"https:\/\/innoacoffee.com\/","logo":{"@type":"ImageObject","inLanguage":"fr-FR","@id":"https:\/\/innoacoffee.com\/#\/schema\/logo\/image\/","url":"https:\/\/innoacoffee.com\/wp-content\/uploads\/2016\/05\/logo.png","contentUrl":"https:\/\/innoacoffee.com\/wp-content\/uploads\/2016\/05\/logo.png","width":279,"height":77,"caption":"Innoa Coffee"},"image":{"@id":"https:\/\/innoacoffee.com\/#\/schema\/logo\/image\/"},"sameAs":["https:\/\/www.facebook.com\/INNOA-coffee-1742293119390930","https:\/\/x.com\/innoacoffee","https:\/\/www.instagram.com\/innoacoffee\/"]}]}},"_links":{"self":[{"href":"https:\/\/innoacoffee.com\/fr\/wp-json\/wp\/v2\/product\/4667","targetHints":{"allow":["GET"]}}],"collection":[{"href":"https:\/\/innoacoffee.com\/fr\/wp-json\/wp\/v2\/product"}],"about":[{"href":"https:\/\/innoacoffee.com\/fr\/wp-json\/wp\/v2\/types\/product"}],"replies":[{"embeddable":true,"href":"https:\/\/innoacoffee.com\/fr\/wp-json\/wp\/v2\/comments?post=4667"}],"wp:featuredmedia":[{"embeddable":true,"href":"https:\/\/innoacoffee.com\/fr\/wp-json\/wp\/v2\/media\/4669"}],"wp:attachment":[{"href":"https:\/\/innoacoffee.com\/fr\/wp-json\/wp\/v2\/media?parent=4667"}],"wp:term":[{"taxonomy":"product_brand","embeddable":true,"href":"https:\/\/innoacoffee.com\/fr\/wp-json\/wp\/v2\/product_brand?post=4667"},{"taxonomy":"product_cat","embeddable":true,"href":"https:\/\/innoacoffee.com\/fr\/wp-json\/wp\/v2\/product_cat?post=4667"},{"taxonomy":"product_tag","embeddable":true,"href":"https:\/\/innoacoffee.com\/fr\/wp-json\/wp\/v2\/product_tag?post=4667"}],"curies":[{"name":"wp","href":"https:\/\/api.w.org\/{rel}","templated":true}]}}