{"id":4809,"date":"2019-12-05T15:23:44","date_gmt":"2019-12-05T14:23:44","guid":{"rendered":"http:\/\/innoacoffee.com\/?post_type=product&#038;p=4809"},"modified":"2021-11-05T09:02:18","modified_gmt":"2021-11-05T08:02:18","slug":"jura-kopjeswarmer-giga-professional","status":"publish","type":"product","link":"https:\/\/innoacoffee.com\/fr\/webshop\/jura-kopjeswarmer-giga-professional\/","title":{"rendered":"Jura Kopjeswarmer"},"content":{"rendered":"<p>De vormgegeven kopjeswarmer van roestvrijstaal met hoogwaardige elementen van witglas is dankzij de lichte designtaal een sublieme blikvanger naast alle GIGA Professional-modellen. Op drie vlakken biedt de kopjeswarmer ruimte aan in totaal 100 espressokopjes (\u00d8 60 mm) of 60 koffiekopjes (\u00d8 80 mm). De drie moderne verwarmingen werken energie-effici\u00ebnt en geluidloos, waardoor de kopjeswarmer uitermate geschikt is voor gebruik in kantoren.<br \/>\nKenmerken<br \/>\nSpanning (V) 220-240<br \/>\nVermogen (W) 75<br \/>\nKabellengte (m) 2<br \/>\nGewicht (kg) 15<br \/>\nFrequentie (hz) 50-60<br \/>\nAfmetingen (bxhxd) 32 x 45 x 32 cm<\/p>\n","protected":false},"excerpt":{"rendered":"<p>De vormgegeven kopjeswarmer van roestvrijstaal met hoogwaardige elementen van witglas is dankzij de lichte designtaal een sublieme blikvanger naast alle GIGA Professional-modellen. [&hellip;]<\/p>\n","protected":false},"featured_media":4813,"comment_status":"open","ping_status":"closed","template":"","meta":{"_acf_changed":false,"_exactmetrics_skip_tracking":false,"_exactmetrics_sitenote_active":false,"_exactmetrics_sitenote_note":"","_exactmetrics_sitenote_category":0},"product_brand":[],"product_cat":[353,19],"product_tag":[],"class_list":{"0":"post-4809","1":"product","2":"type-product","3":"status-publish","4":"has-post-thumbnail","6":"product_cat-jura-accessoires","7":"product_cat-accessoires-toebehoren","9":"first","10":"instock","11":"taxable","12":"shipping-taxable","13":"purchasable","14":"product-type-simple"},"translation":{"provider":"WPGlobus","version":"3.0.1","language":"fr","enabled_languages":["nl","en","fr"],"languages":{"nl":{"title":true,"content":true,"excerpt":false},"en":{"title":false,"content":false,"excerpt":false},"fr":{"title":false,"content":false,"excerpt":false}}},"acf":[],"yoast_head":"<!-- This site is optimized with the Yoast SEO plugin v26.7 - https:\/\/yoast.com\/wordpress\/plugins\/seo\/ -->\n<title>Jura Kopjeswarmer | Innoa Coffee<\/title>\n<meta name=\"robots\" content=\"index, follow, max-snippet:-1, max-image-preview:large, max-video-preview:-1\" \/>\n<link rel=\"canonical\" href=\"https:\/\/innoacoffee.com\/webshop\/jura-kopjeswarmer-giga-professional\/\" \/>\n<meta property=\"og:locale\" content=\"fr_FR\" \/>\n<meta property=\"og:type\" content=\"article\" \/>\n<meta property=\"og:title\" content=\"Jura Kopjeswarmer | Innoa Coffee\" \/>\n<meta property=\"og:url\" content=\"https:\/\/innoacoffee.com\/webshop\/jura-kopjeswarmer-giga-professional\/\" \/>\n<meta property=\"og:site_name\" content=\"Innoa Coffee\" \/>\n<meta property=\"article:publisher\" content=\"https:\/\/www.facebook.com\/INNOA-coffee-1742293119390930\" \/>\n<meta property=\"article:modified_time\" content=\"2021-11-05T08:02:18+00:00\" \/>\n<meta property=\"og:image\" content=\"https:\/\/innoacoffee.com\/wp-content\/uploads\/detail-32.jpg\" \/>\n\t<meta property=\"og:image:width\" content=\"453\" \/>\n\t<meta property=\"og:image:height\" content=\"600\" \/>\n\t<meta property=\"og:image:type\" content=\"image\/jpeg\" \/>\n<meta name=\"twitter:card\" content=\"summary_large_image\" \/>\n<meta name=\"twitter:site\" content=\"@innoacoffee\" \/>\n<script type=\"application\/ld+json\" class=\"yoast-schema-graph\">{\"@context\":\"https:\/\/schema.org\",\"@graph\":[{\"@type\":\"WebPage\",\"@id\":\"https:\/\/innoacoffee.com\/webshop\/jura-kopjeswarmer-giga-professional\/\",\"url\":\"https:\/\/innoacoffee.com\/webshop\/jura-kopjeswarmer-giga-professional\/\",\"name\":\"Jura Kopjeswarmer | Innoa Coffee\",\"isPartOf\":{\"@id\":\"https:\/\/innoacoffee.com\/#website\"},\"primaryImageOfPage\":{\"@id\":\"https:\/\/innoacoffee.com\/webshop\/jura-kopjeswarmer-giga-professional\/#primaryimage\"},\"image\":{\"@id\":\"https:\/\/innoacoffee.com\/webshop\/jura-kopjeswarmer-giga-professional\/#primaryimage\"},\"thumbnailUrl\":\"https:\/\/innoacoffee.com\/wp-content\/uploads\/detail-32.jpg\",\"datePublished\":\"2019-12-05T14:23:44+00:00\",\"dateModified\":\"2021-11-05T08:02:18+00:00\",\"breadcrumb\":{\"@id\":\"https:\/\/innoacoffee.com\/webshop\/jura-kopjeswarmer-giga-professional\/#breadcrumb\"},\"inLanguage\":\"fr-FR\",\"potentialAction\":[{\"@type\":\"ReadAction\",\"target\":[\"https:\/\/innoacoffee.com\/webshop\/jura-kopjeswarmer-giga-professional\/\"]}]},{\"@type\":\"ImageObject\",\"inLanguage\":\"fr-FR\",\"@id\":\"https:\/\/innoacoffee.com\/webshop\/jura-kopjeswarmer-giga-professional\/#primaryimage\",\"url\":\"https:\/\/innoacoffee.com\/wp-content\/uploads\/detail-32.jpg\",\"contentUrl\":\"https:\/\/innoacoffee.com\/wp-content\/uploads\/detail-32.jpg\",\"width\":453,\"height\":600},{\"@type\":\"BreadcrumbList\",\"@id\":\"https:\/\/innoacoffee.com\/webshop\/jura-kopjeswarmer-giga-professional\/#breadcrumb\",\"itemListElement\":[{\"@type\":\"ListItem\",\"position\":1,\"name\":\"Home\",\"item\":\"https:\/\/innoacoffee.com\/\"},{\"@type\":\"ListItem\",\"position\":2,\"name\":\"Jura Kopjeswarmer\"}]},{\"@type\":\"WebSite\",\"@id\":\"https:\/\/innoacoffee.com\/#website\",\"url\":\"https:\/\/innoacoffee.com\/\",\"name\":\"Innoa Coffee\",\"description\":\"Welcome into the world of Innoa Coffee!\",\"publisher\":{\"@id\":\"https:\/\/innoacoffee.com\/#organization\"},\"potentialAction\":[{\"@type\":\"SearchAction\",\"target\":{\"@type\":\"EntryPoint\",\"urlTemplate\":\"https:\/\/innoacoffee.com\/?s={search_term_string}\"},\"query-input\":{\"@type\":\"PropertyValueSpecification\",\"valueRequired\":true,\"valueName\":\"search_term_string\"}}],\"inLanguage\":\"fr-FR\"},{\"@type\":\"Organization\",\"@id\":\"https:\/\/innoacoffee.com\/#organization\",\"name\":\"Innoa Coffee\",\"url\":\"https:\/\/innoacoffee.com\/\",\"logo\":{\"@type\":\"ImageObject\",\"inLanguage\":\"fr-FR\",\"@id\":\"https:\/\/innoacoffee.com\/#\/schema\/logo\/image\/\",\"url\":\"https:\/\/innoacoffee.com\/wp-content\/uploads\/2016\/05\/logo.png\",\"contentUrl\":\"https:\/\/innoacoffee.com\/wp-content\/uploads\/2016\/05\/logo.png\",\"width\":279,\"height\":77,\"caption\":\"Innoa Coffee\"},\"image\":{\"@id\":\"https:\/\/innoacoffee.com\/#\/schema\/logo\/image\/\"},\"sameAs\":[\"https:\/\/www.facebook.com\/INNOA-coffee-1742293119390930\",\"https:\/\/x.com\/innoacoffee\",\"https:\/\/www.instagram.com\/innoacoffee\/\"]}]}<\/script>\n<!-- \/ Yoast SEO plugin. -->","yoast_head_json":{"title":"Jura Kopjeswarmer | Innoa Coffee","robots":{"index":"index","follow":"follow","max-snippet":"max-snippet:-1","max-image-preview":"max-image-preview:large","max-video-preview":"max-video-preview:-1"},"canonical":"https:\/\/innoacoffee.com\/webshop\/jura-kopjeswarmer-giga-professional\/","og_locale":"fr_FR","og_type":"article","og_title":"Jura Kopjeswarmer | Innoa Coffee","og_url":"https:\/\/innoacoffee.com\/webshop\/jura-kopjeswarmer-giga-professional\/","og_site_name":"Innoa Coffee","article_publisher":"https:\/\/www.facebook.com\/INNOA-coffee-1742293119390930","article_modified_time":"2021-11-05T08:02:18+00:00","og_image":[{"width":453,"height":600,"url":"https:\/\/innoacoffee.com\/wp-content\/uploads\/detail-32.jpg","type":"image\/jpeg"}],"twitter_card":"summary_large_image","twitter_site":"@innoacoffee","schema":{"@context":"https:\/\/schema.org","@graph":[{"@type":"WebPage","@id":"https:\/\/innoacoffee.com\/webshop\/jura-kopjeswarmer-giga-professional\/","url":"https:\/\/innoacoffee.com\/webshop\/jura-kopjeswarmer-giga-professional\/","name":"Jura Kopjeswarmer | Innoa Coffee","isPartOf":{"@id":"https:\/\/innoacoffee.com\/#website"},"primaryImageOfPage":{"@id":"https:\/\/innoacoffee.com\/webshop\/jura-kopjeswarmer-giga-professional\/#primaryimage"},"image":{"@id":"https:\/\/innoacoffee.com\/webshop\/jura-kopjeswarmer-giga-professional\/#primaryimage"},"thumbnailUrl":"https:\/\/innoacoffee.com\/wp-content\/uploads\/detail-32.jpg","datePublished":"2019-12-05T14:23:44+00:00","dateModified":"2021-11-05T08:02:18+00:00","breadcrumb":{"@id":"https:\/\/innoacoffee.com\/webshop\/jura-kopjeswarmer-giga-professional\/#breadcrumb"},"inLanguage":"fr-FR","potentialAction":[{"@type":"ReadAction","target":["https:\/\/innoacoffee.com\/webshop\/jura-kopjeswarmer-giga-professional\/"]}]},{"@type":"ImageObject","inLanguage":"fr-FR","@id":"https:\/\/innoacoffee.com\/webshop\/jura-kopjeswarmer-giga-professional\/#primaryimage","url":"https:\/\/innoacoffee.com\/wp-content\/uploads\/detail-32.jpg","contentUrl":"https:\/\/innoacoffee.com\/wp-content\/uploads\/detail-32.jpg","width":453,"height":600},{"@type":"BreadcrumbList","@id":"https:\/\/innoacoffee.com\/webshop\/jura-kopjeswarmer-giga-professional\/#breadcrumb","itemListElement":[{"@type":"ListItem","position":1,"name":"Home","item":"https:\/\/innoacoffee.com\/"},{"@type":"ListItem","position":2,"name":"Jura Kopjeswarmer"}]},{"@type":"WebSite","@id":"https:\/\/innoacoffee.com\/#website","url":"https:\/\/innoacoffee.com\/","name":"Innoa Coffee","description":"Welcome into the world of Innoa Coffee!","publisher":{"@id":"https:\/\/innoacoffee.com\/#organization"},"potentialAction":[{"@type":"SearchAction","target":{"@type":"EntryPoint","urlTemplate":"https:\/\/innoacoffee.com\/?s={search_term_string}"},"query-input":{"@type":"PropertyValueSpecification","valueRequired":true,"valueName":"search_term_string"}}],"inLanguage":"fr-FR"},{"@type":"Organization","@id":"https:\/\/innoacoffee.com\/#organization","name":"Innoa Coffee","url":"https:\/\/innoacoffee.com\/","logo":{"@type":"ImageObject","inLanguage":"fr-FR","@id":"https:\/\/innoacoffee.com\/#\/schema\/logo\/image\/","url":"https:\/\/innoacoffee.com\/wp-content\/uploads\/2016\/05\/logo.png","contentUrl":"https:\/\/innoacoffee.com\/wp-content\/uploads\/2016\/05\/logo.png","width":279,"height":77,"caption":"Innoa Coffee"},"image":{"@id":"https:\/\/innoacoffee.com\/#\/schema\/logo\/image\/"},"sameAs":["https:\/\/www.facebook.com\/INNOA-coffee-1742293119390930","https:\/\/x.com\/innoacoffee","https:\/\/www.instagram.com\/innoacoffee\/"]}]}},"_links":{"self":[{"href":"https:\/\/innoacoffee.com\/fr\/wp-json\/wp\/v2\/product\/4809","targetHints":{"allow":["GET"]}}],"collection":[{"href":"https:\/\/innoacoffee.com\/fr\/wp-json\/wp\/v2\/product"}],"about":[{"href":"https:\/\/innoacoffee.com\/fr\/wp-json\/wp\/v2\/types\/product"}],"replies":[{"embeddable":true,"href":"https:\/\/innoacoffee.com\/fr\/wp-json\/wp\/v2\/comments?post=4809"}],"wp:featuredmedia":[{"embeddable":true,"href":"https:\/\/innoacoffee.com\/fr\/wp-json\/wp\/v2\/media\/4813"}],"wp:attachment":[{"href":"https:\/\/innoacoffee.com\/fr\/wp-json\/wp\/v2\/media?parent=4809"}],"wp:term":[{"taxonomy":"product_brand","embeddable":true,"href":"https:\/\/innoacoffee.com\/fr\/wp-json\/wp\/v2\/product_brand?post=4809"},{"taxonomy":"product_cat","embeddable":true,"href":"https:\/\/innoacoffee.com\/fr\/wp-json\/wp\/v2\/product_cat?post=4809"},{"taxonomy":"product_tag","embeddable":true,"href":"https:\/\/innoacoffee.com\/fr\/wp-json\/wp\/v2\/product_tag?post=4809"}],"curies":[{"name":"wp","href":"https:\/\/api.w.org\/{rel}","templated":true}]}}